{"id":270,"date":"2024-12-14T19:12:56","date_gmt":"2024-12-14T18:12:56","guid":{"rendered":"https:\/\/www.mokzloczew.pl\/?page_id=270"},"modified":"2025-11-10T17:16:55","modified_gmt":"2025-11-10T16:16:55","slug":"kontakt","status":"publish","type":"page","link":"https:\/\/www.mokzloczew.pl\/index.php\/kontakt\/","title":{"rendered":"Kontakt"},"content":{"rendered":"<p><img loading=\"lazy\" decoding=\"async\" class=\"x1b0d499 xuo83w3\" src=\"https:\/\/static.xx.fbcdn.net\/rsrc.php\/v4\/yS\/r\/poZ_P5BwYaV.png\" alt=\"\" width=\"24\" height=\"24\" \/><\/p>\n<p>Adres<\/p>\n<p><span class=\"x193iq5w xeuugli x13faqbe x1vvkbs x1xmvt09 x1lliihq x1s928wv xhkezso x1gmr53x x1cpjm7i x1fgarty x1943h6x xudqn12 x3x7a5m x6prxxf xvq8zen xo1l8bm xzsf02u\" dir=\"auto\">Szeroka 17, Z\u0142oczew, Poland, 98-270<\/span><\/p>\n<p><iframe loading=\"lazy\" style=\"border: 0;\" src=\"https:\/\/www.google.com\/maps\/embed?pb=!1m18!1m12!1m3!1d19905.462066108263!2d18.59603135153305!3d51.41806936303989!2m3!1f0!2f0!3f0!3m2!1i1024!2i768!4f13.1!3m3!1m2!1s0x471a88262001d123%3A0x38fc2060df3ec4a1!2sMiejski%20O%C5%9Brodek%20Kultury!5e0!3m2!1spl!2spl!4v1734201304881!5m2!1spl!2spl\" width=\"600\" height=\"450\" allowfullscreen=\"allowfullscreen\"><\/iframe><\/p>\n<div class=\"x1gan7if\">\n<div class=\"x1hq5gj4\">\n<div class=\"x13faqbe x78zum5 xdt5ytf\">\n<div class=\"x9f619 x1ja2u2z x78zum5 x1n2onr6 x1r8uery x1iyjqo2 xs83m0k xeuugli x1nhvcw1 x1qjc9v5 xozqiw3 x1q0g3np xexx8yu xykv574 xbmpl8g x4cne27 xifccgj\">\n<div><\/div>\n<div class=\"x9f619 x1n2onr6 x1ja2u2z x78zum5 xdt5ytf x2lah0s x193iq5w xeuugli xsyo7zv x16hj40l x10b6aqq x1yrsyyn\"><img loading=\"lazy\" decoding=\"async\" class=\"x1b0d499 xuo83w3\" src=\"https:\/\/static.xx.fbcdn.net\/rsrc.php\/v4\/yl\/r\/mxbGn5aKz1f.png\" alt=\"\" width=\"24\" height=\"24\" \/><\/div>\n<div class=\"x9f619 x1n2onr6 x1ja2u2z x78zum5 xdt5ytf x193iq5w xeuugli x1r8uery x1iyjqo2 xs83m0k xamitd3 xsyo7zv x16hj40l x10b6aqq x1yrsyyn\">\n<ul class=\"x1e56ztr\">\n<li>\n<div class=\"x1e56ztr x1gslohp\">\n<div class=\"x78zum5 xdt5ytf xz62fqu x16ldp7u\">\n<div class=\"xu06os2 x1ok221b\"><span class=\"x193iq5w xeuugli x13faqbe x1vvkbs x1xmvt09 x1lliihq x1s928wv xhkezso x1gmr53x x1cpjm7i x1fgarty x1943h6x xudqn12 x3x7a5m x6prxxf xvq8zen xo1l8bm xzsf02u x1yc453h\" dir=\"auto\">43 820 25 97<\/span><\/div>\n<div class=\"xu06os2 x1ok221b\">\n<div class=\"x9f619 x1ja2u2z x78zum5 x2lah0s x1n2onr6 x1qughib x1qjc9v5 xozqiw3 x1q0g3np xexx8yu xykv574 xbmpl8g x4cne27 xifccgj\">\n<div class=\"x9f619 x1n2onr6 x1ja2u2z x78zum5 xdt5ytf x2lah0s x193iq5w xeuugli xsyo7zv x16hj40l x10b6aqq x1yrsyyn\">\n<div class=\"x78zum5 xdt5ytf xz62fqu x16ldp7u\">\n<div class=\"xu06os2 x1ok221b\">\n<div>Telefon kom\u00f3rkowy<\/div>\n<\/div>\n<\/div>\n<\/div>\n<\/div>\n<\/div>\n<\/div>\n<\/div>\n<\/li>\n<\/ul>\n<\/div>\n<\/div>\n<\/div>\n<\/div>\n<div class=\"xat24cr\">\n<div class=\"x13faqbe x78zum5 xdt5ytf\">\n<div class=\"x9f619 x1ja2u2z x78zum5 x1n2onr6 x1r8uery x1iyjqo2 xs83m0k xeuugli x1nhvcw1 x1qjc9v5 xozqiw3 x1q0g3np xexx8yu xykv574 xbmpl8g x4cne27 xifccgj\">\n<div class=\"x9f619 x1n2onr6 x1ja2u2z x78zum5 xdt5ytf x2lah0s x193iq5w xeuugli xsyo7zv x16hj40l x10b6aqq x1yrsyyn\"><img loading=\"lazy\" decoding=\"async\" class=\"x1b0d499 xuo83w3\" src=\"https:\/\/static.xx.fbcdn.net\/rsrc.php\/v4\/yi\/r\/VtfpQ9pmUXR.png\" alt=\"\" width=\"24\" height=\"24\" \/><\/div>\n<div class=\"x9f619 x1n2onr6 x1ja2u2z x78zum5 xdt5ytf x193iq5w xeuugli x1r8uery x1iyjqo2 xs83m0k xamitd3 xsyo7zv x16hj40l x10b6aqq x1yrsyyn\">\n<ul class=\"x1e56ztr\">\n<li>\n<div class=\"x1e56ztr x1gslohp\">\n<div class=\"x78zum5 xdt5ytf xz62fqu x16ldp7u\">\n<div class=\"xu06os2 x1ok221b\">\n<h3 class=\"containerTitle\">biuro@mokzloczew.pl<\/h3>\n<\/div>\n<div class=\"xu06os2 x1ok221b\">\n<div class=\"x9f619 x1ja2u2z x78zum5 x2lah0s x1n2onr6 x1qughib x1qjc9v5 xozqiw3 x1q0g3np xexx8yu xykv574 xbmpl8g x4cne27 xifccgj\">\n<div class=\"x9f619 x1n2onr6 x1ja2u2z x78zum5 xdt5ytf x2lah0s x193iq5w xeuugli xsyo7zv x16hj40l x10b6aqq x1yrsyyn\">\n<div class=\"x78zum5 xdt5ytf xz62fqu x16ldp7u\">\n<div class=\"xu06os2 x1ok221b\">\n<div>Adres e-mail<\/div>\n<\/div>\n<\/div>\n<\/div>\n<\/div>\n<\/div>\n<\/div>\n<\/div>\n<\/li>\n<\/ul>\n<\/div>\n<\/div>\n<\/div>\n<\/div>\n<\/div>\n<div class=\"x1gan7if\">\n<div class=\"xieb3on x1gslohp\">\n<h3>Godziny pracy<\/h3>\n<table style=\"height: 60px;\" width=\"420\">\n<thead>\n<tr>\n<th style=\"text-align: center;\" scope=\"col\">Dni tygodnia<\/th>\n<th style=\"text-align: center;\" scope=\"col\">Godziny otwarcia<\/th>\n<th style=\"text-align: center;\" scope=\"col\">&#8212;&#8212;&#8212;<\/th>\n<\/tr>\n<\/thead>\n<tbody>\n<tr>\n<td style=\"text-align: center;\" data-label=\"Rodzaj\">poniedzia\u0142ek &#8211; pi\u0105tek<\/td>\n<td style=\"text-align: center;\" data-label=\"Dni tygodnia\">9.00 &#8211; 21.00<\/td>\n<td style=\"text-align: center;\" data-label=\"Godziny otwarcia\">&#8212;&#8212;&#8212;<\/td>\n<\/tr>\n<tr>\n<td style=\"text-align: center;\" data-scope=\"row\" data-label=\"Rodzaj\">sobota &#8211; niedziela<\/td>\n<td style=\"text-align: center;\" data-label=\"Dni tygodnia\">14.00 &#8211; 19.00<\/td>\n<td style=\"text-align: center;\" data-label=\"Godziny otwarcia\">&#8212;&#8212;&#8212;<\/td>\n<\/tr>\n<tr>\n<td style=\"text-align: center;\" data-scope=\"row\" data-label=\"Rodzaj\">&#8211;<\/td>\n<td style=\"text-align: center;\" data-label=\"Dni tygodnia\">&#8211;<\/td>\n<td style=\"text-align: center;\" data-label=\"Godziny otwarcia\">&#8211;<\/td>\n<\/tr>\n<\/tbody>\n<\/table>\n<\/div>\n<\/div>\n","protected":false},"excerpt":{"rendered":"<p>Adres Szeroka 17, Z\u0142oczew, Poland, 98-270 43 820 25 97 Telefon kom\u00f3rkowy biuro@mokzloczew.pl Adres e-mail Godziny pracy Dni tygodnia Godziny otwarcia &#8212;&#8212;&#8212; poniedzia\u0142ek &#8211; pi\u0105tek 9.00 &#8211; 21.00 &#8212;&#8212;&#8212; sobota &#8211; niedziela 14.00 &#8211; 19.00 &#8212;&#8212;&#8212; &#8211; &#8211; &#8211;<\/p>\n","protected":false},"author":2,"featured_media":0,"parent":0,"menu_order":0,"comment_status":"closed","ping_status":"closed","template":"","meta":{"footnotes":""},"class_list":["post-270","page","type-page","status-publish","hentry"],"_links":{"self":[{"href":"https:\/\/www.mokzloczew.pl\/index.php\/wp-json\/wp\/v2\/pages\/270","targetHints":{"allow":["GET"]}}],"collection":[{"href":"https:\/\/www.mokzloczew.pl\/index.php\/wp-json\/wp\/v2\/pages"}],"about":[{"href":"https:\/\/www.mokzloczew.pl\/index.php\/wp-json\/wp\/v2\/types\/page"}],"author":[{"embeddable":true,"href":"https:\/\/www.mokzloczew.pl\/index.php\/wp-json\/wp\/v2\/users\/2"}],"replies":[{"embeddable":true,"href":"https:\/\/www.mokzloczew.pl\/index.php\/wp-json\/wp\/v2\/comments?post=270"}],"version-history":[{"count":19,"href":"https:\/\/www.mokzloczew.pl\/index.php\/wp-json\/wp\/v2\/pages\/270\/revisions"}],"predecessor-version":[{"id":3046,"href":"https:\/\/www.mokzloczew.pl\/index.php\/wp-json\/wp\/v2\/pages\/270\/revisions\/3046"}],"wp:attachment":[{"href":"https:\/\/www.mokzloczew.pl\/index.php\/wp-json\/wp\/v2\/media?parent=270"}],"curies":[{"name":"wp","href":"https:\/\/api.w.org\/{rel}","templated":true}]}}